{"id":17,"date":"2022-01-15T23:16:39","date_gmt":"2022-01-15T22:16:39","guid":{"rendered":"https:\/\/classem.org\/wp\/?page_id=17"},"modified":"2022-06-17T22:22:51","modified_gmt":"2022-06-17T20:22:51","slug":"la-classe-10r","status":"publish","type":"page","link":"https:\/\/classem.org\/wp\/?page_id=17","title":{"rendered":"La classe 10R"},"content":{"rendered":"\n<div class=\"wp-block-group\"><div class=\"wp-block-group__inner-container is-layout-flow wp-block-group-is-layout-flow\">\n<div class=\"wp-block-columns is-layout-flex wp-container-core-columns-is-layout-9d6595d7 wp-block-columns-is-layout-flex\">\n<div class=\"wp-block-column is-layout-flow wp-block-column-is-layout-flow\" style=\"flex-basis:100%\"><div class=\"wp-block-image\">\n<figure class=\"aligncenter\"><img fetchpriority=\"high\" decoding=\"async\" width=\"1024\" height=\"768\" src=\"https:\/\/classem.org\/wp\/wp-content\/uploads\/2022\/02\/photo_partner_pancharevo_3-1024x768.jpg\" alt=\"\" class=\"wp-image-81\" srcset=\"https:\/\/classem.org\/wp\/wp-content\/uploads\/2022\/02\/photo_partner_pancharevo_3-1024x768.jpg 1024w, https:\/\/classem.org\/wp\/wp-content\/uploads\/2022\/02\/photo_partner_pancharevo_3-300x225.jpg 300w, https:\/\/classem.org\/wp\/wp-content\/uploads\/2022\/02\/photo_partner_pancharevo_3-768x576.jpg 768w, https:\/\/classem.org\/wp\/wp-content\/uploads\/2022\/02\/photo_partner_pancharevo_3-1536x1152.jpg 1536w, https:\/\/classem.org\/wp\/wp-content\/uploads\/2022\/02\/photo_partner_pancharevo_3-1140x855.jpg 1140w, https:\/\/classem.org\/wp\/wp-content\/uploads\/2022\/02\/photo_partner_pancharevo_3.jpg 1600w\" sizes=\"(max-width: 1024px) 100vw, 1024px\" \/><figcaption><em>Le Partner 10R de Walicki<\/em><\/figcaption><\/figure>\n<\/div><\/div>\n<\/div>\n<\/div><\/div>\n\n\n\n<p>Le classe 10R est une s\u00e9rie dont la jauge a \u00e9t\u00e9 invent\u00e9e au 19i\u00e8me si\u00e8cle &#8211; en 1893. La formule est tr\u00e8s simple. On consid\u00e8re la longueur \u00e0 la flotaison du bateau dot\u00e9 de tous ses \u00e9quipements, on mesure la surface des voiles et des espars et l&rsquo;on calcule un ratio qui doit \u00eatre inf\u00e9rieur \u00e0 10.<\/p>\n\n\n\n<p>La formule de la jauge est :<strong> L * S * 8 &lt; 10<\/strong> o\u00f9 L est exprim\u00e9 en m\u00e8tre, S en m\u00e8tre carr\u00e9. Le rating est inf\u00e9rieur \u00e0 10 d&rsquo;o\u00f9 le nom qui a \u00e9t\u00e9 donn\u00e9 \u00e0 la s\u00e9rie : 10R ou en anglais Ten Rater.<\/p>\n\n\n\n<p>C&rsquo;est en principe tr\u00e8s simple, mais le diable est, bien entendu, dans les d\u00e9tails au moment de la jauge d&rsquo;un bateau, car il faut \u00e9tablir la longueur \u00e0 la flotaison dans un bac remplie d&rsquo;eau douce, au calme (sans courant d&rsquo;air), bateau sous voile, et la mesure de la surface des voiles se fait selon un proc\u00e9d\u00e9 tr\u00e8s d\u00e9taill\u00e9. La surface des espars est \u00e9galement prise en compte.<\/p>\n\n\n\n<p>A la jauge, le jaugeur place deux marques sur la coque du bateau pour indiquer les limites avant et arri\u00e8re de la flotaison.<\/p>\n\n\n<div class=\"wp-block-image\">\n<figure class=\"aligncenter size-large\"><img decoding=\"async\" width=\"1024\" height=\"683\" src=\"https:\/\/classem.org\/wp\/wp-content\/uploads\/2022\/02\/DSC_3565-1024x683.jpg\" alt=\"\" class=\"wp-image-123\" srcset=\"https:\/\/classem.org\/wp\/wp-content\/uploads\/2022\/02\/DSC_3565-1024x683.jpg 1024w, https:\/\/classem.org\/wp\/wp-content\/uploads\/2022\/02\/DSC_3565-300x200.jpg 300w, https:\/\/classem.org\/wp\/wp-content\/uploads\/2022\/02\/DSC_3565-768x512.jpg 768w, https:\/\/classem.org\/wp\/wp-content\/uploads\/2022\/02\/DSC_3565-1536x1024.jpg 1536w, https:\/\/classem.org\/wp\/wp-content\/uploads\/2022\/02\/DSC_3565-2048x1365.jpg 2048w, https:\/\/classem.org\/wp\/wp-content\/uploads\/2022\/02\/DSC_3565-1140x760.jpg 1140w\" sizes=\"(max-width: 1024px) 100vw, 1024px\" \/><figcaption><em>Deux SHARPIE TEN au coude \u00e0 coude au SNO \u00e0 Nantes<\/em><\/figcaption><\/figure>\n<\/div>\n\n\n<p>On trouve une description de la mesure de la surface des voiles <a href=\"http:\/\/classem.org\/wp\/documents\/Procedure_de_mesure_classe_10R_v5_FRA.pdf\" target=\"_blank\" rel=\"noreferrer noopener\">ici<\/a><\/p>\n\n\n\n<p>Les r\u00e8gles de classe sont <a href=\"http:\/\/classem.org\/wp\/documents\/IRSA_FRA_regles%20de%20classe%2010R_v6.pdf\" target=\"_blank\" rel=\"noreferrer noopener\">ici<\/a><\/p>\n\n\n\n<p>La particularit\u00e9 de la jauge a permis aux architectes de dessiner des bateaux tr\u00e8s longs, avec de longs \u00e9lancements, mais dont la flotaison est courte &#8211; ceci permet de porter beaucoup de toile et quand le bateau g\u00eete, la longueur \u00e0 la flotaison s&rsquo;allonge et la vitesse maximum de la coque augmente puisque la vitesse maximum de la coque d\u00e9pend de sa longeur \u00e0 la flotaison dans ce mode de d\u00e9placement dans l&rsquo;eau dit en pouss\u00e9. Les classe 10R ne planent pas, hormis les surfs sur les vagues.<\/p>\n\n\n\n<p>De ce fait, on verra sur un plan d&rsquo;eau des bateaux longs et peu toil\u00e9s concourrir contre des bateaux plus courts et beaucoup plus toil\u00e9s.<\/p>\n\n\n<div class=\"wp-block-image\">\n<figure class=\"aligncenter size-full is-resized\"><img decoding=\"async\" src=\"https:\/\/classem.org\/wp\/wp-content\/uploads\/2022\/02\/image.png\" alt=\"\" class=\"wp-image-130\" width=\"339\" height=\"230\"\/><figcaption><em>Le classe 10R au XIXi\u00e8me si\u00e8cle<\/em><\/figcaption><\/figure>\n<\/div>\n\n\n<p>Les plans et les lignes d&rsquo;eau des bateaux performants diff\u00e8rent notablement. Certains sont tr\u00e8s typ\u00e9s petit temps pendant que d&rsquo;autres sont tr\u00e8s performants dans la brise et les vagues.<\/p>\n\n\n\n<p>Un classe 10R mesure de 1,40 \u00e0 1,70 m\u00e8tre, il p\u00e8se de 5 \u00e0 7kg dont environ 3,3 \u00e0 4,5 kg de lest. Son tirant d&rsquo;eau est d&rsquo;environ 55 cms et il porte un peu moins de 1 m2 de toile. Le gr\u00e9ement A est le gr\u00e9ement de r\u00e9f\u00e9rence con\u00e7u pour les petits airs &#8211; on peut le supporter jusqu&rsquo;\u00e0 12 noeuds. Les autres gr\u00e9ements plus petits sont destin\u00e9s aux conditions de petite brise jusqu&rsquo;au vents les plus soutenus.<\/p>\n\n\n\n<p>Pendant un peu plus d&rsquo;un demi si\u00e8cle, le classe 10R se pratiquait sur des plans d&rsquo;eau que l&rsquo;on traversait sous la m\u00eame am\u00fbre, puis ils ont \u00e9t\u00e9 pilot\u00e9s par des dispositifs de girouette qui permettaient de r\u00e9guler l&rsquo;allure pour suivre les oscillations du vent. Ils sont aujourd&rsquo;hui radio command\u00e9s par des dispositifs exploitant la bande radio des 2,4 ghz qui \u00e9liminent les interf\u00e9rences entre concurrents.<\/p>\n\n\n<div class=\"wp-block-image\">\n<figure class=\"aligncenter size-full is-resized\"><img loading=\"lazy\" decoding=\"async\" src=\"https:\/\/classem.org\/wp\/wp-content\/uploads\/2022\/02\/image-1.png\" alt=\"\" class=\"wp-image-132\" width=\"244\" height=\"235\"\/><figcaption><em>R\u00e9gate dans les ann\u00e9es 30<\/em><\/figcaption><\/figure>\n<\/div>\n\n\n<p><\/p>\n\n\n\n<p>Avec l&rsquo;av\u00e8nement de la voile radio command\u00e9e \u00e0 la fin des ann\u00e9es soixante, le classe 10R s&rsquo;est transform\u00e9 pour devenir l&rsquo;un des supports les plus appr\u00e9ci\u00e9s des comp\u00e9titeurs et il r\u00e9unit les tout meilleurs skippers aguerris \u00e0 la pratique de la r\u00e9gate.<\/p>\n\n\n\n<p>La hauteur maximum du gr\u00e9ement d&rsquo;un classe 10R est limit\u00e9e \u00e0 2,20 m\u00e8tre &#8211; tout comme en classe M. La plupart des classes 10R sont gr\u00e9\u00e9s en gr\u00e9ements classiques. Toutefois quelques uns disposent d&rsquo;un gr\u00e9ement balestron pour le jeu A (le gr\u00e9ement de r\u00e9f\u00e9rence pour la jauge). Le balestron est avantageux dans les tous petits airs aux all\u00fbres portantes. En revanche il impose un foc plus petit, sinon le balestron s&rsquo;inverse. Quelques bateaux ont imagin\u00e9 un balestron d\u00e9call\u00e9 pour disposer d&rsquo;un foc plus grand.<\/p>\n\n\n\n<p>Le classe 10R est une s\u00e9rie internationale qui se pratique dans 22 pays. Dans les com\u00e9titions internationales, les fran\u00e7ais sont bien repr\u00e9sent\u00e9s et trustent les podiums qu&rsquo;ils partagent avec les meilleures nations telles l&rsquo;Angleterre, l&rsquo;Italie, l&rsquo;Allemagne, etc.<\/p>\n\n\n\n<p>La plupart des skippers fran\u00e7ais de 10R r\u00e9gatent aussi en M, en IOM et plus r\u00e9cemment en RG65.<\/p>\n\n\n\n<p>Il y a environ 50 skippers en France qui r\u00e9gatent en 10R. Le circuit de r\u00e9gate comporte les \u00e9preuves suivantes :<\/p>\n\n\n<div class=\"wp-block-image\">\n<figure class=\"aligncenter size-full is-resized\"><img loading=\"lazy\" decoding=\"async\" src=\"https:\/\/classem.org\/wp\/wp-content\/uploads\/2022\/02\/affiche_cl10_2021.jpg\" alt=\"\" class=\"wp-image-125\" width=\"526\" height=\"276\" srcset=\"https:\/\/classem.org\/wp\/wp-content\/uploads\/2022\/02\/affiche_cl10_2021.jpg 526w, https:\/\/classem.org\/wp\/wp-content\/uploads\/2022\/02\/affiche_cl10_2021-300x157.jpg 300w\" sizes=\"(max-width: 526px) 100vw, 526px\" \/><figcaption><em>Les 10R chez les impressionistes du CVParis<\/em><\/figcaption><\/figure>\n<\/div>\n\n\n<ul class=\"wp-block-list\"><li>Marseille au Roucas Blanc<\/li><li>Bordeaux sur le lac de Bordeaux Lac<\/li><li>Aux Mureaux sur le plan d&rsquo;eau du CV Paris<\/li><li>A Pierrelatte<\/li><li>Et au SNO \u00e0 Nantes sur les bords de l&rsquo;Erdre<\/li><\/ul>\n\n\n\n<p>Quelques entra\u00eenements sont aussi organis\u00e9s :<\/p>\n\n\n\n<ul class=\"wp-block-list\"><li>Au CVSQ \u00e0 Saint Quentin en Yvelines<\/li><li>A Vannes sur l&rsquo;\u00e9tang aux Ducs <\/li><li>A Nantes sur les bords de l&rsquo;Erdre au SNO<\/li><\/ul>\n\n\n\n<p>En France, plusieurs architectes ont dessin\u00e9 des classe 10R. <\/p>\n\n\n\n<ul class=\"wp-block-list\"><li>Paul LUCAS et son DARE DARE est un des plus anciens plans<\/li><li>Marc POMMAREDE\/Guy CARPIER et le NIOUTAINE<\/li><li>Gilles BRETECHE et son r\u00e9cent SHARPIE TEN<\/li><li>Patrick ROUSSEAUX et ses OXYGENE et OXYGENE+<\/li><li>Philippe DEBORD et son 10R a \u00e9trave invers\u00e9<\/li><li>L\u00e9onard FABIANO avec des r\u00e9alisations tr\u00e8s soign\u00e9es<\/li><li>Johan POULLAIN et son BELUGA<\/li><\/ul>\n\n\n\n<p><\/p>\n\n\n<div class=\"wp-block-image\">\n<figure class=\"aligncenter size-large\"><img loading=\"lazy\" decoding=\"async\" width=\"1024\" height=\"683\" src=\"https:\/\/classem.org\/wp\/wp-content\/uploads\/2022\/02\/DSC_3611-1024x683.jpg\" alt=\"\" class=\"wp-image-127\" srcset=\"https:\/\/classem.org\/wp\/wp-content\/uploads\/2022\/02\/DSC_3611-1024x683.jpg 1024w, https:\/\/classem.org\/wp\/wp-content\/uploads\/2022\/02\/DSC_3611-300x200.jpg 300w, https:\/\/classem.org\/wp\/wp-content\/uploads\/2022\/02\/DSC_3611-768x512.jpg 768w, https:\/\/classem.org\/wp\/wp-content\/uploads\/2022\/02\/DSC_3611-1536x1024.jpg 1536w, https:\/\/classem.org\/wp\/wp-content\/uploads\/2022\/02\/DSC_3611-2048x1365.jpg 2048w, https:\/\/classem.org\/wp\/wp-content\/uploads\/2022\/02\/DSC_3611-1140x760.jpg 1140w\" sizes=\"(max-width: 1024px) 100vw, 1024px\" \/><figcaption><em>Le prototype de Johan POULLAIN \u00e0 la bagarre avec le SHARPIE TEN<\/em><\/figcaption><\/figure>\n<\/div>\n\n\n<p>Il y a 102 designs recens\u00e9s dans <a rel=\"noreferrer noopener\" href=\"http:\/\/www.allradiosailboats.com\/class\/tenRater\" target=\"_blank\">la base des plans de 10R<\/a> <\/p>\n\n\n\n<p>La classe 10R r\u00e9unit les propri\u00e9taires et les r\u00e9gatiers de cette s\u00e9rie. Elle a \u00e9tabli un plan de d\u00e9veloppement pour animer l&rsquo;activit\u00e9 de la discipline. Voici les objectifs de ce plan :<\/p>\n\n\n\n<ul class=\"wp-block-list\"><li>L\u2019objectif du d\u00e9veloppement de la classe 10R est d\u2019abord de conserver l\u2019\u00e9tat d\u2019esprit qui r\u00e8gne dans la classe et notamment le fairplay qui est la r\u00e8gle sur le circuit en classe 10R. <\/li><li>Il est ensuite d\u2019animer et d\u2019\u00e9toffer un circuit fran\u00e7ais permettant d\u2019organiser une r\u00e9gate chaque ann\u00e9e dans les principales r\u00e9gions. Ouest ; Sud-Ouest ; Sud ; Nord ; Centre.<\/li><li>De plus la classe encourage le d\u00e9veloppement de nouveaux designs et de nouvelles id\u00e9es d\u2019am\u00e9lioration des gr\u00e9ements. Plusieurs d\u00e9veloppements sont en cours aux Sables d\u2019Olonnes, \u00e0 Nantes avec la cr\u00e9ation de nouveaux bateaux (exemple SHARPIE TEN , BELUGA) <\/li><li>Une action particuli\u00e8re est en cours pour attirer de nouveaux skippers et de leur faciliter les d\u00e9marches pour trouver un bon bateau comp\u00e9titif \u2013 prise de contact avec les vendeurs, et mise en relation avec les potentiels acheteurs.<em> (En cours)<\/em><\/li><li>Actuellement il y a une r\u00e9gate annuelle \u00e0 Marseille en mars, \u00e0 Bordeaux en juin, aux Mureaux en septembre et \u00e0 Pierrelatte en novembre. En 2022, le calendrier va \u00eatre compl\u00e9t\u00e9 par une \u00e9preuve \u00e0 Nantes ( 5-6 mars ) et une \u00e9preuve \u00e0 Calais ( 26-27 mars ). <em>(Deux nouvelles \u00e9preuves pour \u00e9toffer le circuit d\u00e9j\u00e0 organis\u00e9es).<\/em><\/li><li>Etant donn\u00e9 que les skippers courent aussi en classe M, il est n\u00e9cessaire de coordonner le calendrier avec celui de la classe M \u2013 ce qui est assur\u00e9 tous les ans. <em>(Michel BRUN assure la coordination avec les autres classes (ex IOM) et les clubs organisateurs)<\/em><\/li><li>Pour le d\u00e9veloppement, le public vis\u00e9 est compos\u00e9 des skippers qui connaissent d\u00e9j\u00e0 bien la VRC et qui ont envie de r\u00e9gater sur un support qui offre beaucoup de sensations. <\/li><li>L\u2019id\u00e9e est de disposer de quelques bateaux d\u2019occasion en bon \u00e9tat et de les pr\u00eater \u00e0 ceux qui ont envie de faire le pas vers le classe 10R. C\u2019est un travail de fourmi, qui porte ses fruits. <em>(nous pr\u00eatons trois bateaux).<\/em><\/li><li>Ensuite c\u2019est d\u2019accompagner les nouveaux venus en les invitant \u00e0 participer aux entra\u00eenements et aux r\u00e9gates qui sont organis\u00e9es tout au long de l\u2019ann\u00e9e. <em>(en cours avec plusieurs nouveaux venus sur le circuit)<\/em><\/li><li>Autre axe, re-booster des flottes o\u00f9 des classes 10R naviguent mais qui ne r\u00e9gatent pas comme au Mans ou \u00e0 Baye par exemple. <em>(A faire &#8211; retard\u00e9 du fait des restrictions).<\/em><\/li><li>Un travail sp\u00e9cifique est \u00e0 entreprendre pour am\u00e9liorer la pr\u00e9sence sur internet du classe 10R dans les pages du site des classes M \u2013 ce pourrait \u00eatre un bon moyen de populariser le bateau en 2022. <em>(Le d\u00e9veloppement de ces pages et ce site internet, par exemple).<\/em><\/li><\/ul>\n\n\n\n<p>En compl\u00e9ment, la classe 10R a fait faire des \u00ab\u00a0goodies\u00a0\u00bb \u00e0 l&rsquo;effigie de la s\u00e9rie &#8211; voir la page des liens.<\/p>\n\n\n\n<p><\/p>\n\n\n\n<p><\/p>\n\n\n\n<p><\/p>\n\n\n\n<p><\/p>\n\n\n\n<p><\/p>\n\n\n\n<p><\/p>\n\n\n\n<p><\/p>\n\n\n\n<p><\/p>\n\n\n\n<p><\/p>\n\n\n\n<p><\/p>\n\n\n\n<p><\/p>\n\n\n\n<p><\/p>\n\n\n\n<p><\/p>\n\n\n\n<p><\/p>\n\n\n\n<p><\/p>\n","protected":false},"excerpt":{"rendered":"<p>Le classe 10R est une s\u00e9rie dont la jauge a \u00e9t\u00e9 invent\u00e9e au 19i\u00e8me si\u00e8cle &#8211; en 1893. La formule est tr\u00e8s simple. On consid\u00e8re la longueur \u00e0 la flotaison du bateau dot\u00e9 de tous ses \u00e9quipements, on mesure la surface des voiles et des espars et l&rsquo;on calcule un ratio qui doit \u00eatre inf\u00e9rieur \u00e0 10. La formule de la jauge est : L * S * 8 &lt; 10 o\u00f9 L est exprim\u00e9 en m\u00e8tre, S en m\u00e8tre carr\u00e9. Le rating est inf\u00e9rieur \u00e0 10 d&rsquo;o\u00f9 le nom qui a \u00e9t\u00e9 donn\u00e9 \u00e0 la s\u00e9rie : 10R ou en anglais Ten Rater. C&rsquo;est en principe tr\u00e8s simple, mais le diable est, bien entendu, dans les d\u00e9tails au moment de la jauge d&rsquo;un bateau, car il faut \u00e9tablir la longueur \u00e0 la flotaison dans un bac remplie d&rsquo;eau douce, au calme (sans courant d&rsquo;air), bateau sous voile, et la mesure de la surface des voiles se fait selon un proc\u00e9d\u00e9 tr\u00e8s d\u00e9taill\u00e9. La surface des espars est \u00e9galement prise en compte. A la jauge, le jaugeur place deux marques sur la coque du bateau pour indiquer les limites avant et arri\u00e8re de la flotaison. On trouve une description de la mesure de la surface des voiles ici Les r\u00e8gles de classe sont ici La particularit\u00e9 de la jauge a permis aux architectes de dessiner des bateaux tr\u00e8s longs, avec de longs \u00e9lancements, mais dont la flotaison est courte &#8211; ceci permet de porter beaucoup de toile et quand le bateau g\u00eete, la longueur \u00e0 la flotaison s&rsquo;allonge et la vitesse maximum de la coque augmente puisque la vitesse maximum de la coque d\u00e9pend de sa longeur \u00e0 la flotaison dans ce mode de d\u00e9placement dans l&rsquo;eau dit en pouss\u00e9. Les classe 10R ne planent pas, hormis les surfs sur les vagues. De ce fait, on verra sur un plan d&rsquo;eau des bateaux longs et peu toil\u00e9s concourrir contre des bateaux plus courts et beaucoup plus toil\u00e9s. Les plans et les lignes d&rsquo;eau des bateaux performants diff\u00e8rent notablement. Certains sont tr\u00e8s typ\u00e9s petit temps pendant que d&rsquo;autres sont tr\u00e8s performants dans la brise et les vagues. Un classe 10R mesure de 1,40 \u00e0 1,70 m\u00e8tre, il p\u00e8se de 5 \u00e0 7kg dont environ 3,3 \u00e0 4,5 kg de lest. Son tirant d&rsquo;eau est d&rsquo;environ 55 cms et il porte un peu moins de 1 m2 de toile. Le gr\u00e9ement A est le gr\u00e9ement de r\u00e9f\u00e9rence con\u00e7u pour les petits airs &#8211; on peut le supporter jusqu&rsquo;\u00e0 12 noeuds. Les autres gr\u00e9ements plus petits sont destin\u00e9s aux conditions de petite brise jusqu&rsquo;au vents les plus soutenus. Pendant un peu plus d&rsquo;un demi si\u00e8cle, le classe 10R se pratiquait sur des plans d&rsquo;eau que l&rsquo;on traversait sous la m\u00eame am\u00fbre, puis ils ont \u00e9t\u00e9 pilot\u00e9s par des dispositifs de girouette qui permettaient de r\u00e9guler l&rsquo;allure pour suivre les oscillations du vent. Ils sont aujourd&rsquo;hui radio command\u00e9s par des dispositifs exploitant la bande radio des 2,4 ghz qui \u00e9liminent les interf\u00e9rences entre concurrents. Avec l&rsquo;av\u00e8nement de la voile radio command\u00e9e \u00e0 la fin des ann\u00e9es soixante, le classe 10R s&rsquo;est transform\u00e9 pour devenir l&rsquo;un des supports les plus appr\u00e9ci\u00e9s des comp\u00e9titeurs et il r\u00e9unit les tout meilleurs skippers aguerris \u00e0 la pratique de la r\u00e9gate. La hauteur maximum du gr\u00e9ement d&rsquo;un classe 10R est limit\u00e9e \u00e0 2,20 m\u00e8tre &#8211; tout comme en classe M. La plupart des classes 10R sont gr\u00e9\u00e9s en gr\u00e9ements classiques. Toutefois quelques uns disposent d&rsquo;un gr\u00e9ement balestron pour le jeu A (le gr\u00e9ement de r\u00e9f\u00e9rence pour la jauge). Le balestron est avantageux dans les tous petits airs aux all\u00fbres portantes. En revanche il impose un foc plus petit, sinon le balestron s&rsquo;inverse. Quelques bateaux ont imagin\u00e9 un balestron d\u00e9call\u00e9 pour disposer d&rsquo;un foc plus grand. Le classe 10R est une s\u00e9rie internationale qui se pratique dans 22 pays. Dans les com\u00e9titions internationales, les fran\u00e7ais sont bien repr\u00e9sent\u00e9s et trustent les podiums qu&rsquo;ils partagent avec les meilleures nations telles l&rsquo;Angleterre, l&rsquo;Italie, l&rsquo;Allemagne, etc. La plupart des skippers fran\u00e7ais de 10R r\u00e9gatent aussi en M, en IOM et plus r\u00e9cemment en RG65. Il y a environ 50 skippers en France qui r\u00e9gatent en 10R. Le circuit de r\u00e9gate comporte les \u00e9preuves suivantes : Marseille au Roucas Blanc Bordeaux sur le lac de Bordeaux Lac Aux Mureaux sur le plan d&rsquo;eau du CV Paris A Pierrelatte Et au SNO \u00e0 Nantes sur les bords de l&rsquo;Erdre Quelques entra\u00eenements sont aussi organis\u00e9s : Au CVSQ \u00e0 Saint Quentin en Yvelines A Vannes sur l&rsquo;\u00e9tang aux Ducs A Nantes sur les bords de l&rsquo;Erdre au SNO En France, plusieurs architectes ont dessin\u00e9 des classe 10R. Paul LUCAS et son DARE DARE est un des plus anciens plans Marc POMMAREDE\/Guy CARPIER et le NIOUTAINE Gilles BRETECHE et son r\u00e9cent SHARPIE TEN Patrick ROUSSEAUX et ses OXYGENE et OXYGENE+ Philippe DEBORD et son 10R a \u00e9trave invers\u00e9 L\u00e9onard FABIANO avec des r\u00e9alisations tr\u00e8s soign\u00e9es Johan POULLAIN et son BELUGA Il y a 102 designs recens\u00e9s dans la base des plans de 10R La classe 10R r\u00e9unit les propri\u00e9taires et les r\u00e9gatiers de cette s\u00e9rie. Elle a \u00e9tabli un plan de d\u00e9veloppement pour animer l&rsquo;activit\u00e9 de la discipline. Voici les objectifs de ce plan : L\u2019objectif du d\u00e9veloppement de la classe 10R est d\u2019abord de conserver l\u2019\u00e9tat d\u2019esprit qui r\u00e8gne dans la classe et notamment le fairplay qui est la r\u00e8gle sur le circuit en classe 10R. Il est ensuite d\u2019animer et d\u2019\u00e9toffer un circuit fran\u00e7ais permettant d\u2019organiser une r\u00e9gate chaque ann\u00e9e dans les principales r\u00e9gions. Ouest ; Sud-Ouest ; Sud ; Nord ; Centre. De plus la classe encourage le d\u00e9veloppement de nouveaux designs et de nouvelles id\u00e9es d\u2019am\u00e9lioration des gr\u00e9ements. Plusieurs d\u00e9veloppements sont en cours aux Sables d\u2019Olonnes, \u00e0 Nantes avec la cr\u00e9ation de nouveaux bateaux (exemple SHARPIE TEN , BELUGA) Une action particuli\u00e8re est en cours pour attirer de nouveaux skippers et de leur faciliter les d\u00e9marches pour trouver un bon bateau comp\u00e9titif \u2013 prise de contact avec les vendeurs, et mise en relation avec les potentiels acheteurs. (En cours) Actuellement il y a une r\u00e9gate annuelle \u00e0 Marseille en mars, \u00e0 Bordeaux en juin, aux Mureaux en septembre et \u00e0 Pierrelatte en novembre. En 2022, le calendrier va \u00eatre compl\u00e9t\u00e9 par une \u00e9preuve \u00e0 Nantes ( 5-6 mars ) et une \u00e9preuve \u00e0 Calais ( 26-27 mars ). (Deux nouvelles \u00e9preuves pour \u00e9toffer le circuit d\u00e9j\u00e0 organis\u00e9es). Etant donn\u00e9 que les skippers courent aussi en classe M, il est n\u00e9cessaire de coordonner le calendrier avec celui de la classe M \u2013 ce qui est assur\u00e9 tous les ans. (Michel BRUN assure la coordination avec les autres classes (ex IOM) et les clubs organisateurs) Pour le d\u00e9veloppement, le public vis\u00e9 est compos\u00e9 des skippers qui connaissent d\u00e9j\u00e0 bien la VRC et qui ont envie de r\u00e9gater sur un support qui offre beaucoup de sensations. L\u2019id\u00e9e est de disposer de quelques bateaux d\u2019occasion en bon \u00e9tat et de les pr\u00eater \u00e0 ceux qui ont envie de faire le pas vers le classe 10R. C\u2019est un travail de fourmi, qui porte ses fruits. (nous pr\u00eatons trois bateaux). Ensuite c\u2019est d\u2019accompagner les nouveaux venus en les invitant \u00e0 participer aux entra\u00eenements et aux r\u00e9gates qui sont organis\u00e9es tout au long de l\u2019ann\u00e9e. (en cours avec plusieurs nouveaux venus sur le circuit) Autre axe, re-booster des flottes o\u00f9 des classes 10R naviguent mais qui ne r\u00e9gatent pas comme au Mans ou \u00e0 Baye par exemple. (A faire &#8211; retard\u00e9 du fait des restrictions). Un travail sp\u00e9cifique est \u00e0 entreprendre pour am\u00e9liorer la pr\u00e9sence sur internet du classe 10R dans les pages du site des classes M \u2013 ce pourrait \u00eatre un bon moyen de populariser le bateau en 2022. (Le d\u00e9veloppement de ces pages et ce site internet, par exemple). En compl\u00e9ment, la classe 10R a fait faire des \u00ab\u00a0goodies\u00a0\u00bb \u00e0 l&rsquo;effigie de la s\u00e9rie &#8211; voir la page des liens.<\/p>\n","protected":false},"author":2,"featured_media":0,"parent":0,"menu_order":0,"comment_status":"closed","ping_status":"closed","template":"page_widget_droite.php","meta":{"footnotes":""},"class_list":["post-17","page","type-page","status-publish","hentry"],"_links":{"self":[{"href":"https:\/\/classem.org\/wp\/index.php?rest_route=\/wp\/v2\/pages\/17","targetHints":{"allow":["GET"]}}],"collection":[{"href":"https:\/\/classem.org\/wp\/index.php?rest_route=\/wp\/v2\/pages"}],"about":[{"href":"https:\/\/classem.org\/wp\/index.php?rest_route=\/wp\/v2\/types\/page"}],"author":[{"embeddable":true,"href":"https:\/\/classem.org\/wp\/index.php?rest_route=\/wp\/v2\/users\/2"}],"replies":[{"embeddable":true,"href":"https:\/\/classem.org\/wp\/index.php?rest_route=%2Fwp%2Fv2%2Fcomments&post=17"}],"version-history":[{"count":29,"href":"https:\/\/classem.org\/wp\/index.php?rest_route=\/wp\/v2\/pages\/17\/revisions"}],"predecessor-version":[{"id":911,"href":"https:\/\/classem.org\/wp\/index.php?rest_route=\/wp\/v2\/pages\/17\/revisions\/911"}],"wp:attachment":[{"href":"https:\/\/classem.org\/wp\/index.php?rest_route=%2Fwp%2Fv2%2Fmedia&parent=17"}],"curies":[{"name":"wp","href":"https:\/\/api.w.org\/{rel}","templated":true}]}}