{"id":22,"date":"2022-01-15T23:34:02","date_gmt":"2022-01-15T22:34:02","guid":{"rendered":"https:\/\/classem.org\/wp\/?page_id=22"},"modified":"2022-03-08T18:38:28","modified_gmt":"2022-03-08T17:38:28","slug":"la-construction","status":"publish","type":"page","link":"https:\/\/classem.org\/wp\/?page_id=22","title":{"rendered":"La construction"},"content":{"rendered":"\n<p>Vous trouverez dans cette rubrique, des astuces et des techniques pr\u00e9sent\u00e9es pour vous par leurs auteurs. N&rsquo;h\u00e9sitez pas \u00e0 vous inspirer de celles-ci pour vous simplifier la vie ou pour progresser dans vos r\u00e9alisations.<\/p>\n\n\n\n<p><em>Pour acc\u00e9der \u00e0 un contenu, cliquez sur le nom de l&rsquo;article.<\/em><\/p>\n\n\n\n<figure class=\"wp-block-table\"><table><tbody><tr><td><strong>N\u00b0<\/strong><\/td><td><strong>Date de l&rsquo;article<\/strong><\/td><td><strong>Auteur<\/strong><\/td><td><strong>Nom de l&rsquo;article<\/strong><\/td><\/tr><tr><td>05-01<\/td><td>22\/06\/2005<\/td><td>Patrick ROUSSEAUX<\/td><td><a href=\"http:\/\/classem.org\/construction\/MouleDerive-PRousseaux.pdf\" target=\"_blank\" rel=\"noreferrer noopener\">Fabrication d&rsquo;un moule et d&rsquo;une d\u00e9rive<\/a><\/td><\/tr><tr><td>05-02<\/td><td>11\/10\/2005<\/td><td>Christophe LEOTE<\/td><td><a href=\"http:\/\/classem.org\/construction\/BerUniversel-CLeote.pdf\" target=\"_blank\" rel=\"noreferrer noopener\">Fabrication d&rsquo;un ber universel<\/a><\/td><\/tr><tr><td>06-01<\/td><td>01\/03\/2006<\/td><td>R\u00e9mi BRES<\/td><td><a href=\"http:\/\/classem.org\/construction\/Voiles-RBres.pdf\" target=\"_blank\" rel=\"noreferrer noopener\">Assemblage des voiles<\/a><\/td><\/tr><tr><td>12-01<\/td><td>27\/06\/2012<\/td><td>R\u00e9mi BRES<\/td><td><a href=\"http:\/\/classem.org\/construction\/Bresmo.pdf\" target=\"_blank\" rel=\"noreferrer noopener\">Plus vite en classe M avec le Bresmo<\/a><\/td><\/tr><tr><td>12-02<\/td><td>07\/07\/2012<\/td><td>Patrick ROUSSEAUX<\/td><td><a href=\"http:\/\/classem.org\/construction\/Bati.pdf\" target=\"_blank\" rel=\"noreferrer noopener\">Le ber d&rsquo;atelier<\/a><\/td><\/tr><tr><td>12-03<\/td><td>07\/07\/2012<\/td><td>Patrick ROUSSEAUX<\/td><td><a href=\"http:\/\/classem.org\/construction\/Safran.pdf\" target=\"_blank\" rel=\"noreferrer noopener\">Le safran<\/a><\/td><\/tr><tr><td>15-10<\/td><td>26\/10\/2015<\/td><td>R\u00e9mi BRES<\/td><td><a rel=\"noreferrer noopener\" href=\"http:\/\/classem.org\/construction\/Balestron.pdf\" target=\"_blank\">Fabrication d&rsquo;un balestron<\/a><\/td><\/tr><tr><td><\/td><td><\/td><td><\/td><td><\/td><\/tr><\/tbody><\/table><figcaption>Tableau des articles<\/figcaption><\/figure>\n\n\n\n<p><\/p>\n","protected":false},"excerpt":{"rendered":"<p>Vous trouverez dans cette rubrique, des astuces et des techniques pr\u00e9sent\u00e9es pour vous par leurs auteurs. N&rsquo;h\u00e9sitez pas \u00e0 vous inspirer de celles-ci pour vous simplifier la vie ou pour progresser dans vos r\u00e9alisations. Pour acc\u00e9der \u00e0 un contenu, cliquez sur le nom de l&rsquo;article. N\u00b0 Date de l&rsquo;article Auteur Nom de l&rsquo;article 05-01 22\/06\/2005 Patrick ROUSSEAUX Fabrication d&rsquo;un moule et d&rsquo;une d\u00e9rive 05-02 11\/10\/2005 Christophe LEOTE Fabrication d&rsquo;un ber universel 06-01 01\/03\/2006 R\u00e9mi BRES Assemblage des voiles 12-01 27\/06\/2012 R\u00e9mi BRES Plus vite en classe M avec le Bresmo 12-02 07\/07\/2012 Patrick ROUSSEAUX Le ber d&rsquo;atelier 12-03 07\/07\/2012 Patrick ROUSSEAUX Le safran 15-10 26\/10\/2015 R\u00e9mi BRES Fabrication d&rsquo;un balestron Tableau des articles<\/p>\n","protected":false},"author":1,"featured_media":0,"parent":0,"menu_order":0,"comment_status":"closed","ping_status":"closed","template":"page_widget_droite.php","meta":{"footnotes":""},"class_list":["post-22","page","type-page","status-publish","hentry"],"_links":{"self":[{"href":"https:\/\/classem.org\/wp\/index.php?rest_route=\/wp\/v2\/pages\/22","targetHints":{"allow":["GET"]}}],"collection":[{"href":"https:\/\/classem.org\/wp\/index.php?rest_route=\/wp\/v2\/pages"}],"about":[{"href":"https:\/\/classem.org\/wp\/index.php?rest_route=\/wp\/v2\/types\/page"}],"author":[{"embeddable":true,"href":"https:\/\/classem.org\/wp\/index.php?rest_route=\/wp\/v2\/users\/1"}],"replies":[{"embeddable":true,"href":"https:\/\/classem.org\/wp\/index.php?rest_route=%2Fwp%2Fv2%2Fcomments&post=22"}],"version-history":[{"count":5,"href":"https:\/\/classem.org\/wp\/index.php?rest_route=\/wp\/v2\/pages\/22\/revisions"}],"predecessor-version":[{"id":660,"href":"https:\/\/classem.org\/wp\/index.php?rest_route=\/wp\/v2\/pages\/22\/revisions\/660"}],"wp:attachment":[{"href":"https:\/\/classem.org\/wp\/index.php?rest_route=%2Fwp%2Fv2%2Fmedia&parent=22"}],"curies":[{"name":"wp","href":"https:\/\/api.w.org\/{rel}","templated":true}]}}