{"id":24,"date":"2022-01-15T23:34:21","date_gmt":"2022-01-15T22:34:21","guid":{"rendered":"https:\/\/classem.org\/wp\/?page_id=24"},"modified":"2024-11-22T17:48:43","modified_gmt":"2024-11-22T16:48:43","slug":"les-liens","status":"publish","type":"page","link":"https:\/\/classem.org\/wp\/?page_id=24","title":{"rendered":"Les liens"},"content":{"rendered":"\t\t<div data-elementor-type=\"wp-page\" data-elementor-id=\"24\" class=\"elementor elementor-24\">\n\t\t\t\t\t\t<section class=\"elementor-section elementor-top-section elementor-element elementor-element-26f3d5df elementor-section-boxed elementor-section-height-default elementor-section-height-default wpr-particle-no wpr-jarallax-no wpr-parallax-no wpr-sticky-section-no\" data-id=\"26f3d5df\" data-element_type=\"section\">\n\t\t\t\t\t\t<div class=\"elementor-container elementor-column-gap-default\">\n\t\t\t\t\t<div class=\"elementor-column elementor-col-100 elementor-top-column elementor-element elementor-element-571995d9\" data-id=\"571995d9\" data-element_type=\"column\">\n\t\t\t<div class=\"elementor-widget-wrap elementor-element-populated\">\n\t\t\t\t\t\t<div class=\"elementor-element elementor-element-7fba8f5a elementor-widget elementor-widget-text-editor\" data-id=\"7fba8f5a\" data-element_type=\"widget\" data-widget_type=\"text-editor.default\">\n\t\t\t\t<div class=\"elementor-widget-container\">\n\t\t\t\t\t\t\t\t\t<h1>F\u00e9d\u00e9rations<\/h1>\n<ul>\n<li><a href=\"http:\/\/www.ffvoile.net\/ffv\/web\/pratique\/VRC.asp\" target=\"_blank\" rel=\"noreferrer noopener\">FFV &#8211; F\u00e9d\u00e9ration Fran\u00e7aise de Voile<\/a><\/li>\n<li><a href=\"http:\/\/www.radiosailing.org\" target=\"_blank\" rel=\"noreferrer noopener\">IRSA &#8211; International Radio Sailing Association<\/a> <img decoding=\"async\" src=\"http:\/\/classem.org\/images\/irsa_small.png\" alt=\"IRSA\"><\/li>\n<\/ul>\n<h1>CLUBS en France o\u00f9 on r\u00e9gate en VRC &#8211; classe M, classe 10R<\/h1>\n<ul>\n<li><a href=\"http:\/\/vrcidf.free.fr\/\" target=\"_blank\" rel=\"noreferrer noopener\">La Voile Radio Command\u00e9e d&rsquo;Ile de France<\/a> (Site de la ligue qui n&rsquo;est pas mis \u00e0 jour)<\/li>\n<li><a href=\"http:\/\/voilebordeauxlac.fr\/voile-radiocommandee\/\" target=\"_blank\" rel=\"noreferrer noopener\">A Bordeaux Lac<\/a> &#8211; classe M et classe 10R<\/li>\n<li><a href=\"http:\/\/www.srvannes.fr\/vrc\" target=\"_blank\" rel=\"noreferrer noopener\">A Vannes \u00e0 la SRV<\/a> et AVRV &#8211; classe M, RG65 et classe 10R<\/li>\n<li><a href=\"https:\/\/www.facebook.com\/avrvannes\" target=\"_blank\" rel=\"noreferrer noopener\">AVRV &#8211; section VRC<\/a> associ\u00e9e \u00e0 la SR Vannes<\/li>\n<li>A Brest &#8211; St RENAN lac Ty Colo &#8211; Classe M, DF95 : <a href=\"https:\/\/dai.ly\/x3o5k8u\" target=\"_blank\" rel=\"noreferrer noopener\">https:\/\/dai.ly\/x3o5k8u<\/a><\/li>\n<li><a href=\"https:\/\/cvsq.fr\/activites_adultes\/voile-radio-commandee\" target=\"_blank\" rel=\"noreferrer noopener\">Au CVSQ \u00e0 Saint Quentin en Yvelines<\/a> &#8211; Classe M et classe 10R<\/li>\n<li>A Choisy le Roy au <a href=\"https:\/\/www.choisy-voile.com\/en-savoir-plus\/plan-d-acces-au-club-54070\" target=\"_blank\" rel=\"noreferrer noopener\">CNCR<\/a> &#8211; Classe M<\/li>\n<li><a href=\"https:\/\/www.voile-valenciennes.fr\/index.php\/ladhesion-vrc\/\" target=\"_blank\" rel=\"noreferrer noopener\">A Valenciennes au CVV &#8211; Classe M et classe 10R<\/a><\/li>\n<li>A Carmaux &#8211; <a href=\"https:\/\/www.uscvoile.fr\/page\/913219-description-des-activites\" target=\"_blank\" rel=\"noreferrer noopener\">US CARMAUX VOILE <\/a>&#8211; Classe M, 10R et RG65<\/li>\n<li>Aux Mureaux au <a href=\"http:\/\/cercledelavoiledeparis.fr\/\" target=\"_blank\" rel=\"noreferrer noopener\">CV Paris<\/a> &#8211; r\u00e9gate classe 10R<\/li>\n<li>A Bischheim au <a href=\"https:\/\/www.mycb-67.fr\/\" target=\"_blank\" rel=\"noopener\">MYCB <\/a>&#8211; Classe M, RG65<br><\/li>\n<li>A Plobsheim \u00e0 <a href=\"https:\/\/www.acal67.com\/voile-strasbourg\/la-voile-pour-tous\/\" target=\"_blank\" rel=\"noreferrer noopener\">l&rsquo;ACAL<\/a> &#8211; Classe M<\/li>\n<li>A Pierrelatte \u00e0 l<a href=\"https:\/\/unvmp.clubeo.com\/\" target=\"_blank\" rel=\"noreferrer noopener\">&lsquo;UMVMP<\/a> &#8211; Classe M, classe 10R, IOM et <a href=\"https:\/\/www.facebook.com\/Voile-RC-Pierrelatte-961771637193026\/photos\/\" target=\"_blank\" rel=\"noreferrer noopener\">son facebook<\/a><\/li>\n<li><a href=\"http:\/\/perso.numericable.fr\/ycfr\/index.htm\" target=\"_blank\" rel=\"noreferrer noopener\">YC Foyer R\u00e9mois<\/a><\/li>\n<li>A la Seyne sur Mer&nbsp;<a href=\"https:\/\/societenautique-petitemer.fr\/vrc\" target=\"_blank\" rel=\"noopener\">\u00e0 la SNPM<\/a> &#8211; Classe M<\/li>\n<\/ul>\n<h1>Sites Classe Marblehead<\/h1>\n<ul>\n<li><a href=\"http:\/\/marbleheadsailing.wordpress.com\/\" target=\"_blank\" rel=\"noreferrer noopener\">Marblehead Class Radio Sailing UK<\/a> <img decoding=\"async\" src=\"http:\/\/classem.org\/images\/pays\/Gbr.png\" alt=\"Gbr\"><\/li>\n<li><a href=\"http:\/\/www.radiozeilen.nl\" target=\"_blank\" rel=\"noreferrer noopener\">Nederlandse Klasse Organisatie Marblehead<\/a> &#8211; KOM <img decoding=\"async\" src=\"http:\/\/classem.org\/images\/pays\/Ned.png\" alt=\"Ned\"><\/li>\n<\/ul>\n<h1>Sites Associations Nationales RC<\/h1>\n<ul>\n<li>Liste des <a href=\"https:\/\/www.radiosailing.org\/members\" target=\"_blank\" rel=\"noreferrer noopener\">membres IRSA<\/a> <img decoding=\"async\" src=\"http:\/\/classem.org\/images\/irsa_small.png\" alt=\"IRSA\"><\/li>\n<li><a href=\"http:\/\/mya-uk.co.uk\" target=\"_blank\" rel=\"noreferrer noopener\">Model Yachting Association<\/a> &#8211; MYA <img decoding=\"async\" src=\"http:\/\/classem.org\/images\/pays\/Gbr.png\" alt=\"Gbr\"><\/li>\n<li><a href=\"http:\/\/www.modelvela.com\/\" target=\"_blank\" rel=\"noreferrer noopener\">Modelvela Italia &#8211; Radio Sailing Italy<\/a> <img decoding=\"async\" src=\"http:\/\/classem.org\/images\/pays\/Ita.png\" alt=\"Ita\"><\/li>\n<li><a href=\"http:\/\/www.radiosailing.de\/\" target=\"_blank\" rel=\"noreferrer noopener\">DSV RC-Segeln<\/a> <img decoding=\"async\" src=\"http:\/\/classem.org\/images\/pays\/Ger.png\" alt=\"Ger\"><\/li>\n<li><a href=\"http:\/\/radiosailing.ch\/\" target=\"_blank\" rel=\"noreferrer noopener\">Radiosailing Swiss and Modell Yacht Club Switzerland<\/a> &#8211; MYCS <img decoding=\"async\" src=\"http:\/\/classem.org\/images\/pays\/Sui.png\" alt=\"Sui\"><\/li>\n<li><a href=\"http:\/\/arya.asn.au\/\" target=\"_blank\" rel=\"noreferrer noopener\">Australian Radio Yachting Association<\/a> <img decoding=\"async\" src=\"http:\/\/classem.org\/images\/pays\/Aus.png\" alt=\"Aus\"><\/li>\n<li><a href=\"http:\/\/www.theamya.org\/\/\" target=\"_blank\" rel=\"noreferrer noopener\">American Model Yachting Association<\/a> &#8211; AMYA <img decoding=\"async\" src=\"http:\/\/classem.org\/images\/pays\/Usa.png\" alt=\"Usa\"><\/li>\n<li><a href=\"https:\/\/www.nzradioyachtingassociation.co.nz\/\" target=\"_blank\" rel=\"noreferrer noopener\">New Zealand Radio Yachting Association<\/a> <img decoding=\"async\" src=\"http:\/\/classem.org\/images\/pays\/Nzl.png\" alt=\"Nzl\"><\/li>\n<li><a href=\"http:\/\/www.crya.ca\/\" target=\"_blank\" rel=\"noreferrer noopener\">Canadian Radio Yachting Association<\/a> &#8211; CRYA <img decoding=\"async\" src=\"http:\/\/classem.org\/images\/pays\/Can.png\" alt=\"Can\"><\/li>\n<li><a href=\"http:\/\/rznradiozeilen.nl\/\" target=\"_blank\" rel=\"noreferrer noopener\">Radio Zeilen Nederland<\/a> &#8211; RZN <img decoding=\"async\" src=\"http:\/\/classem.org\/images\/pays\/Ned.png\" alt=\"Ned\"><\/li>\n<\/ul>\n<p><strong>CLUBS ETRANGERS <\/strong><\/p>\n<ul>\n<li><strong><a href=\"http:\/\/www.scor.hr\/\" target=\"_blank\" rel=\"noreferrer noopener\">Sailing Club Of Rijeka<\/a><\/strong><\/li>\n<li><a href=\"http:\/\/www.mscb.ch\/\" target=\"_blank\" rel=\"noreferrer noopener\">MSC Basel<\/a> (SUI &#8211; en Suisse)<\/li>\n<li><a href=\"http:\/\/www.bamoline.ch\/\" target=\"_blank\" rel=\"noreferrer noopener\">MYC St. Blaise<\/a><\/li>\n<li><a href=\"http:\/\/www.stirling.saradioyachting.org.au\/\" target=\"_blank\" rel=\"noreferrer noopener\">Stirling Sailing Club<\/a> (AUS &#8211; en Australie)<\/li>\n<\/ul>\n<h1>Autres Classes<\/h1>\n<ul>\n<li><a href=\"http:\/\/rg65.fr\/\" target=\"_blank\" rel=\"noreferrer noopener\">Classe RG 65 France<\/a><\/li>\n<li><a href=\"http:\/\/www.classe1metre.org\" target=\"_blank\" rel=\"noreferrer noopener\">Association de Classe 1 m\u00e8tre<\/a><\/li>\n<li><a href=\"http:\/\/www.iomclass.org\/\" target=\"_blank\" rel=\"noreferrer noopener\">The International One Metre<\/a><\/li>\n<li><a href=\"http:\/\/www.multis2m.fr\/\" target=\"_blank\" rel=\"noreferrer noopener\">Multicoques 2m<\/a><\/li>\n<li><a href=\"http:\/\/voiliermaxiwor.free.fr\/index.htm\" target=\"_blank\" rel=\"noreferrer noopener\">Voilier Maxi Wor<\/a><\/li>\n<li><a href=\"http:\/\/footy.rcsailing.net\/\" target=\"_blank\" rel=\"noreferrer noopener\">Footy Class R\/C Sailboat<\/a><\/li>\n<li><a href=\"https:\/\/micromagicfrance.com\/\" target=\"_blank\" rel=\"noreferrer noopener\">Micro Magic France<\/a><\/li>\n<li><a href=\"http:\/\/laser-rc.fr\/\" target=\"_blank\" rel=\"noreferrer noopener\">Association France Laser RC<\/a><\/li>\n<\/ul>\n<ul>\n<li><strong>FOURNISSEURS <\/strong>:\n<ul>\n<li><a href=\"https:\/\/www.rmgsailwinch.com.au\/\" target=\"_blank\" rel=\"noreferrer noopener\">Treuils RMG (Rob &amp; Michele Guyatt)<\/a> (Super treuils Australiens)<\/li>\n<\/ul>\n<ul>\n<li><a href=\"https:\/\/www.pgmodelisme.com\/v3\/en\/\" target=\"_blank\" rel=\"noreferrer noopener\">PGmodelisme<\/a> (treuil RMG, Chinois, coques voiles et accastillage fran\u00e7ais et plus si affinit\u00e9)<\/li>\n<li><a href=\"http:\/\/www.cerfvolantservice.com\">Cerf-volant Service<\/a> (fil Laser Pro Gold &#8211; qui ne raccourcit pas !)<\/li>\n<\/ul>\n<ul>\n<li><a href=\"http:\/\/www.bgsailsanddesign.com\/\" target=\"_blank\" rel=\"noreferrer noopener\">BG Sails and Design<\/a> (Grunge &#8211; design Brad Gibson)<\/li>\n<li><a href=\"http:\/\/www.boatsetc.eu\/en\/\" target=\"_blank\" rel=\"noreferrer noopener\">BOATSetc<\/a> (Quark &#8211; design Graham Bantock \/ Nioutram &#8211; design Marc Pomar\u00e8de)<\/li>\n<li><a href=\"https:\/\/vamsails.com\/\" target=\"_blank\" rel=\"noopener\">VAMSails<\/a>&nbsp;(Voiles de M et de RG65)<\/li>\n<li><a href=\"http:\/\/chrissails.com\/\" target=\"_blank\" rel=\"noopener\">CHRISSAILS<\/a>&nbsp;(Voiles, contact Franck RUSSEL, d\u00e9rives TOPFORM)<\/li>\n<\/ul>\n<ul>\n<li><a href=\"https:\/\/www.cap-maquettes.com\/\" target=\"_blank\" rel=\"noreferrer noopener\">CAP Maquettes<\/a><\/li>\n<li><a href=\"https:\/\/www.rmgsailwinch.com.au\/\" target=\"_blank\" rel=\"noreferrer noopener\">RMG SailWinch<\/a><\/li>\n<li><a href=\"https:\/\/www.aa-parts.com\/fr\/treuils\/quickwinch.html\" target=\"_blank\" rel=\"noreferrer noopener\">AAparts<\/a> (treuil genre RMG)<\/li>\n<li><a href=\"https:\/\/www.barcheradiocomandate.it\/\" target=\"_blank\" rel=\"noreferrer noopener\">Barche Radiocomandate<\/a> (accastillage)<\/li>\n<\/ul>\n<ul>\n<li><a href=\"https:\/\/www.mxcomponents.com\/en\/\" target=\"_blank\" rel=\"noreferrer noopener\">MXcomponents <\/a> (treuil genre RMG)<\/li>\n<li><a href=\"https:\/\/www.sailsetc2.com\/\" target=\"_blank\" rel=\"noreferrer noopener\">Bantock <\/a>(gr\u00e9ements, voiles, accastillage, etc.)<\/li>\n<li><a href=\"https:\/\/www.frankrusselldesign.com\/\" target=\"_blank\" rel=\"noopener\">Franck RUSSEL<\/a>&nbsp;(Architecte concepteur de classe 10R notamment)<\/li>\n<li><a href=\"https:\/\/rcsails.com\/cart\/index.php?cPath=23\" target=\"_blank\" rel=\"noreferrer noopener\">RCSails<\/a><\/li>\n<li><a href=\"http:\/\/magicksails.com\/\" target=\"_blank\" rel=\"noreferrer noopener\">Blackmagick Sails (Voiles n\u00e9o zed)<\/a><\/li>\n<li><a href=\"http:\/\/carrsails.com\" target=\"_blank\" rel=\"noreferrer noopener\">Carr Sails<\/a> (Fabriquant de voiles US)<\/li>\n<li><a href=\"https:\/\/www.housemartinsails.co.uk\/\" target=\"_blank\" rel=\"noreferrer noopener\">House Martin<\/a> (voiles)<\/li>\n<li><a href=\"https:\/\/www.123roulement.com\/\" target=\"_blank\" rel=\"noreferrer noopener\">123roulements<\/a> (Roulements)<\/li>\n<li><a href=\"https:\/\/www.tubecarbone.com\/en\/70-tubes-rods\" target=\"_blank\" rel=\"noreferrer noopener\">TubeCarbone<\/a> (tubes en carbone pultrusion et drap\u00e9s)<\/li>\n<li><a href=\"https:\/\/carbonetube.net\/\" target=\"_blank\" rel=\"noreferrer noopener\">CarboneTube<\/a> (Tubes carbone de bonne qualit\u00e9)<\/li>\n<li><a href=\"https:\/\/www.bilboquetsport.com\/fr\/\" target=\"_blank\" rel=\"noreferrer noopener\">Bilboquet<\/a> (tubes carbone et spectra pour les \u00e9coutes)<\/li>\n<li><a href=\"https:\/\/www.flashrc.com\/\" target=\"_blank\" rel=\"noreferrer noopener\">Flash-RC<\/a> (Servos, etc.)<\/li>\n<li><a href=\"https:\/\/www.miniplanes.fr\/\" target=\"_blank\" rel=\"noreferrer noopener\">Miniplanes<\/a> (Servos, radios, etc.)<\/li>\n<li><a href=\"https:\/\/hobbyking.com\/en_us\" target=\"_blank\" rel=\"noreferrer noopener\">Hobbyking<\/a> (Batteries, servos, etc.)<\/li>\n<li>Divers equipements <a href=\"https:\/\/www.reboul.fr\/catalogue\/connectique\/4.html\" target=\"_blank\" rel=\"noreferrer noopener\">REBOUL<\/a><\/li>\n<li><a href=\"https:\/\/www.visseriefixations.fr\/\" target=\"_blank\" rel=\"noreferrer noopener\">Vis inox<\/a><\/li>\n<li>Inox &#8211; <a href=\"https:\/\/www.les-inoxydables.com\/\" target=\"_blank\" rel=\"noreferrer noopener\">Les Inoxydables<\/a><\/li>\n<li><a href=\"http:\/\/www.sodipadd.com\/\" target=\"_blank\" rel=\"noreferrer noopener\">Sodipadd,<\/a> fabriquant et magasin, vend du calque polyester<\/li>\n<li><a href=\"https:\/\/www.easycomposites.co.uk\/\" target=\"_blank\" rel=\"noreferrer noopener\">Easy Composites<\/a><\/li>\n<li><a href=\"https:\/\/www.boutique-resine-epoxy.fr\/\" target=\"_blank\" rel=\"noreferrer noopener\">SICOMIN<\/a><\/li>\n<li><a href=\"http:\/\/navi.modelisme.com\/\" target=\"_blank\" rel=\"noreferrer noopener\">Navimod\u00e9lisme RC<\/a> (webzine de mod\u00e9lisme naval radiocommand\u00e9)<\/li>\n<\/ul>\n<ul>\n<li>BRODAPIC : Nathalie<a href=\"brodapic@orange.fr\" target=\"_blank\" rel=\"noreferrer noopener\">&nbsp;<\/a>fabrique casquette et polo sur demande contact brodapic@orange.fr et demander les mod\u00e8les 10R en pr\u00e9cisant la taille souhait\u00e9e<\/li>\n<\/ul>\n<\/li>\n<\/ul>\n<p><!-- \/wp:list --><\/p>\n<p><!-- wp:image {\"align\":\"center\",\"id\":164,\"width\":286,\"height\":508,\"sizeSlug\":\"large\",\"linkDestination\":\"none\"} --><\/p>\n<div>\n<figure><img fetchpriority=\"high\" decoding=\"async\" src=\"https:\/\/classem.org\/wp\/wp-content\/uploads\/2022\/02\/20210322_164640-576x1024.jpg\" alt=\"\" width=\"286\" height=\"508\"><p><\/p>\n<figcaption><em>Polo et casquette 10R<\/em><\/figcaption>\n<\/figure>\n<\/div>\n<p><!-- \/wp:image --><\/p>\n<p><!-- wp:list --><\/p>\n<div>&nbsp;<\/div>\n<div>&nbsp;<\/div>\n<p><!-- \/wp:list --><\/p>\n<p><!-- wp:paragraph --><\/p>\n<p><\/p>\n<p><!-- \/wp:list --><\/p>\n<p><!-- wp:list --><\/p>\n<ul>\n<li><strong>TRUCS &amp; ASTUCES :<\/strong>\n<ul>\n<li><a href=\"http:\/\/fourtas.free.fr\/classem\/claudio.htm\" target=\"_blank\" rel=\"noreferrer noopener\">Le livre de Claudio Diolaiti<\/a> une mine d&rsquo;information sur les voiliers mod\u00e8les. A consulter pour \u00ab\u00a0aller plus loin\u00a0\u00bb et m\u00eame t\u00e9l\u00e9charger librement avec l&rsquo;autorisation de l&rsquo;auteur.<\/li>\n<li><a href=\"http:\/\/www.onemetre.net\/\" target=\"_blank\" rel=\"noreferrer noopener\">Lester Gilbert Radio Sailing<\/a><\/li>\n<li><a href=\"http:\/\/www.bleu-cerise.net\/\" target=\"_blank\" rel=\"noreferrer noopener\">VRC Passionn\u00e9ment\/Bleu-cerise<\/a> (site de Gilles Drouard)<\/li>\n<li><a href=\"http:\/\/www.anderswallin.net\/\" target=\"_blank\" rel=\"noreferrer noopener\">Anders Wallin&rsquo;s Web site<\/a><\/li>\n<li><a href=\"http:\/\/epervier.sudluberon.free.fr\/techniques\/radio.htm\" target=\"_blank\" rel=\"noreferrer noopener\">Epervier Sudluberon <\/a>: (Fran\u00e7ais) Tout comprendre sur vos probl\u00e8mes de Radio-commande.<\/li>\n<li><a href=\"http:\/\/www.ni-cd.net\/\" target=\"_blank\" rel=\"noreferrer noopener\">Un site concernant les accus<\/a><\/li>\n<li><a href=\"http:\/\/www.rc-network.de\/magazin\/artikel_05\/art_05-027\/art_027-01fra.html\" target=\"_blank\" rel=\"noreferrer noopener\">RC-Network Modelbau Magazin<\/a> Site multilingue avec toutes les fr\u00e9quences autoris\u00e9es dans chaque pays<\/li>\n<li><a href=\"https:\/\/crya.ca\/tuning-guides\/?doing_wp_cron=1645112881.0803599357604980468750\" target=\"_blank\" rel=\"noreferrer noopener\">Tuning guides en anglais du site Canadien<\/a><\/li>\n<\/ul>\n<\/li>\n<\/ul>\n<p><!-- \/wp:list --><\/p>\n<p><!-- wp:heading {\"level\":1} --><\/p>\n<p><\/p>\n<div>\n<p><b>Bases des donn\u00e9es de design des M et des 10R<\/b> :<\/p>\n<ul>\n<li><a href=\"http:\/\/www.allradiosailboats.com\/class\/marblehead\" target=\"_blank\" rel=\"noreferrer noopener\">Base des donn\u00e9es des designs de classe M<\/a><\/li>\n<li><a href=\"http:\/\/www.allradiosailboats.com\/class\/tenRater\" target=\"_blank\" rel=\"noreferrer noopener\">Base des donn\u00e9es des designs de classe 10R <\/a><\/li>\n<\/ul>\n<div>\n<p><b>SITES amis : <\/b><\/p>\n<ul>\n<li>Le site de Kiki, <a href=\"https:\/\/lemondedekiki.net\/\" target=\"_blank\" rel=\"noreferrer noopener\">notre photographe hors pair<\/a><\/li>\n<li><a href=\"http:\/\/b10rrrrrrrrrrrrrrrrrrrrrrrrrrrrrrrrr.e-monsite.com\/\" target=\"_blank\" rel=\"noreferrer noopener\">Le site des fr\u00e8res de la c\u00f4te<\/a> (beaucoup d&rsquo;informations sur les 10R)<\/li>\n<li><a href=\"https:\/\/classem.org\/wp\/wp-content\/uploads\/2022\/02\/bulbcalc.zip\" target=\"_blank\" rel=\"noreferrer noopener\">Logiciel de calcul de lest<\/a> &#8211; forme, volume, poids, etc&#8230;<\/li>\n<li>Logiciel de mesure du creux des voiles <a href=\"https:\/\/www.uksailmakers.com\/accumeasure\" target=\"_blank\" rel=\"noreferrer noopener\">AccuMesure<\/a><\/li>\n<li>Le site australien qui d\u00e9crit comment fabriquer les voiles : <a href=\"http:\/\/www.stirling.saradioyachting.org.au\/sailmaking.htm\" target=\"_blank\" rel=\"noreferrer noopener\">Stirling club <\/a><\/li>\n<\/ul>\n<\/div>\n<\/div>\n<p><!-- \/wp:list --><\/p>\n<p><!-- wp:paragraph --><\/p>\n<p><!-- \/wp:paragraph --><\/p>\n<p><!-- wp:paragraph --><\/p>\n<p><!-- \/wp:paragraph --><\/p>\t\t\t\t\t\t\t\t<\/div>\n\t\t\t\t<\/div>\n\t\t\t\t\t<\/div>\n\t\t<\/div>\n\t\t\t\t\t<\/div>\n\t\t<\/section>\n\t\t\t\t<\/div>\n\t\t","protected":false},"excerpt":{"rendered":"<p>F\u00e9d\u00e9rations FFV &#8211; F\u00e9d\u00e9ration Fran\u00e7aise de Voile IRSA &#8211; International Radio Sailing Association CLUBS en France o\u00f9 on r\u00e9gate en VRC &#8211; classe M, classe 10R La Voile Radio Command\u00e9e d&rsquo;Ile de France (Site de la ligue qui n&rsquo;est pas mis \u00e0 jour) A Bordeaux Lac &#8211; classe M et classe 10R A Vannes \u00e0 la SRV et AVRV &#8211; classe M, RG65 et classe 10R AVRV &#8211; section VRC associ\u00e9e \u00e0 la SR Vannes A Brest &#8211; St RENAN lac Ty Colo &#8211; Classe M, DF95 : https:\/\/dai.ly\/x3o5k8u Au CVSQ \u00e0 Saint Quentin en Yvelines &#8211; Classe M et classe 10R A Choisy le Roy au CNCR &#8211; Classe M A Valenciennes au CVV &#8211; Classe M et classe 10R A Carmaux &#8211; US CARMAUX VOILE &#8211; Classe M, 10R et RG65 Aux Mureaux au CV Paris &#8211; r\u00e9gate classe 10R A Bischheim au MYCB &#8211; Classe M, RG65 A Plobsheim \u00e0 l&rsquo;ACAL &#8211; Classe M A Pierrelatte \u00e0 l&lsquo;UMVMP &#8211; Classe M, classe 10R, IOM et son facebook YC Foyer R\u00e9mois A la Seyne sur Mer&nbsp;\u00e0 la SNPM &#8211; Classe M Sites Classe Marblehead Marblehead Class Radio Sailing UK Nederlandse Klasse Organisatie Marblehead &#8211; KOM Sites Associations Nationales RC Liste des membres IRSA Model Yachting Association &#8211; MYA Modelvela Italia &#8211; Radio Sailing Italy DSV RC-Segeln Radiosailing Swiss and Modell Yacht Club Switzerland &#8211; MYCS Australian Radio Yachting Association American Model Yachting Association &#8211; AMYA New Zealand Radio Yachting Association Canadian Radio Yachting Association &#8211; CRYA Radio Zeilen Nederland &#8211; RZN CLUBS ETRANGERS Sailing Club Of Rijeka MSC Basel (SUI &#8211; en Suisse) MYC St. Blaise Stirling Sailing Club (AUS &#8211; en Australie) Autres Classes Classe RG 65 France Association de Classe 1 m\u00e8tre The International One Metre Multicoques 2m Voilier Maxi Wor Footy Class R\/C Sailboat Micro Magic France Association France Laser RC FOURNISSEURS : Treuils RMG (Rob &amp; Michele Guyatt) (Super treuils Australiens) PGmodelisme (treuil RMG, Chinois, coques voiles et accastillage fran\u00e7ais et plus si affinit\u00e9) Cerf-volant Service (fil Laser Pro Gold &#8211; qui ne raccourcit pas !) BG Sails and Design (Grunge &#8211; design Brad Gibson) BOATSetc (Quark &#8211; design Graham Bantock \/ Nioutram &#8211; design Marc Pomar\u00e8de) VAMSails&nbsp;(Voiles de M et de RG65) CHRISSAILS&nbsp;(Voiles, contact Franck RUSSEL, d\u00e9rives TOPFORM) CAP Maquettes RMG SailWinch AAparts (treuil genre RMG) Barche Radiocomandate (accastillage) MXcomponents (treuil genre RMG) Bantock (gr\u00e9ements, voiles, accastillage, etc.) Franck RUSSEL&nbsp;(Architecte concepteur de classe 10R notamment) RCSails Blackmagick Sails (Voiles n\u00e9o zed) Carr Sails (Fabriquant de voiles US) House Martin (voiles) 123roulements (Roulements) TubeCarbone (tubes en carbone pultrusion et drap\u00e9s) CarboneTube (Tubes carbone de bonne qualit\u00e9) Bilboquet (tubes carbone et spectra pour les \u00e9coutes) Flash-RC (Servos, etc.) Miniplanes (Servos, radios, etc.) Hobbyking (Batteries, servos, etc.) Divers equipements REBOUL Vis inox Inox &#8211; Les Inoxydables Sodipadd, fabriquant et magasin, vend du calque polyester Easy Composites SICOMIN Navimod\u00e9lisme RC (webzine de mod\u00e9lisme naval radiocommand\u00e9) BRODAPIC : Nathalie&nbsp;fabrique casquette et polo sur demande contact brodapic@orange.fr et demander les mod\u00e8les 10R en pr\u00e9cisant la taille souhait\u00e9e Polo et casquette 10R &nbsp; &nbsp; TRUCS &amp; ASTUCES : Le livre de Claudio Diolaiti une mine d&rsquo;information sur les voiliers mod\u00e8les. A consulter pour \u00ab\u00a0aller plus loin\u00a0\u00bb et m\u00eame t\u00e9l\u00e9charger librement avec l&rsquo;autorisation de l&rsquo;auteur. Lester Gilbert Radio Sailing VRC Passionn\u00e9ment\/Bleu-cerise (site de Gilles Drouard) Anders Wallin&rsquo;s Web site Epervier Sudluberon : (Fran\u00e7ais) Tout comprendre sur vos probl\u00e8mes de Radio-commande. Un site concernant les accus RC-Network Modelbau Magazin Site multilingue avec toutes les fr\u00e9quences autoris\u00e9es dans chaque pays Tuning guides en anglais du site Canadien Bases des donn\u00e9es de design des M et des 10R : Base des donn\u00e9es des designs de classe M Base des donn\u00e9es des designs de classe 10R SITES amis : Le site de Kiki, notre photographe hors pair Le site des fr\u00e8res de la c\u00f4te (beaucoup d&rsquo;informations sur les 10R) Logiciel de calcul de lest &#8211; forme, volume, poids, etc&#8230; Logiciel de mesure du creux des voiles AccuMesure Le site australien qui d\u00e9crit comment fabriquer les voiles : Stirling club<\/p>\n","protected":false},"author":1,"featured_media":0,"parent":0,"menu_order":0,"comment_status":"closed","ping_status":"closed","template":"page_widget_droite.php","meta":{"footnotes":""},"class_list":["post-24","page","type-page","status-publish","hentry"],"_links":{"self":[{"href":"https:\/\/classem.org\/wp\/index.php?rest_route=\/wp\/v2\/pages\/24","targetHints":{"allow":["GET"]}}],"collection":[{"href":"https:\/\/classem.org\/wp\/index.php?rest_route=\/wp\/v2\/pages"}],"about":[{"href":"https:\/\/classem.org\/wp\/index.php?rest_route=\/wp\/v2\/types\/page"}],"author":[{"embeddable":true,"href":"https:\/\/classem.org\/wp\/index.php?rest_route=\/wp\/v2\/users\/1"}],"replies":[{"embeddable":true,"href":"https:\/\/classem.org\/wp\/index.php?rest_route=%2Fwp%2Fv2%2Fcomments&post=24"}],"version-history":[{"count":83,"href":"https:\/\/classem.org\/wp\/index.php?rest_route=\/wp\/v2\/pages\/24\/revisions"}],"predecessor-version":[{"id":1478,"href":"https:\/\/classem.org\/wp\/index.php?rest_route=\/wp\/v2\/pages\/24\/revisions\/1478"}],"wp:attachment":[{"href":"https:\/\/classem.org\/wp\/index.php?rest_route=%2Fwp%2Fv2%2Fmedia&parent=24"}],"curies":[{"name":"wp","href":"https:\/\/api.w.org\/{rel}","templated":true}]}}