{"id":26,"date":"2022-01-15T23:34:48","date_gmt":"2022-01-15T22:34:48","guid":{"rendered":"https:\/\/classem.org\/wp\/?page_id=26"},"modified":"2022-03-26T09:23:32","modified_gmt":"2022-03-26T08:23:32","slug":"le-forum","status":"publish","type":"page","link":"https:\/\/classem.org\/wp\/?page_id=26","title":{"rendered":"Le forum"},"content":{"rendered":"\n<p>Le Forum de l&rsquo;association est le lieu d&rsquo;\u00e9change privil\u00e9gi\u00e9 entre les membres. Vous y trouverez les informations concernant les <a href=\"http:\/\/classem.org\/forum\/viewforum.php?f=3\" target=\"_blank\" rel=\"noreferrer noopener\">prochaines \u00e9preuves<\/a> en particulier.<\/p>\n\n\n\n<p>C&rsquo;est aussi l\u00e0 que vous pouvez trouvez des bateaux d&rsquo;occasion qui sont propos\u00e9s \u00e0 la vente dans la rubrique \u00ab\u00a0<a rel=\"noreferrer noopener\" href=\"http:\/\/classem.org\/forum\/viewforum.php?f=5&amp;sid=e29c9d8d0b0fd16d941f49367625126c\" target=\"_blank\">La boutique\u00a0\u00bb.<\/a><\/p>\n\n\n\n<p>    <\/p>\n\n\n\n<div class=\"wp-block-buttons is-layout-flex wp-block-buttons-is-layout-flex\">\n<div class=\"wp-block-button aligncenter\"><a class=\"wp-block-button__link has-vivid-cyan-blue-background-color has-background\" href=\"http:\/\/classem.org\/forum\/index.php\">Acc\u00e8s au Forum<\/a><\/div>\n<\/div>\n\n\n\n<p><\/p>\n","protected":false},"excerpt":{"rendered":"<p>Le Forum de l&rsquo;association est le lieu d&rsquo;\u00e9change privil\u00e9gi\u00e9 entre les membres. Vous y trouverez les informations concernant les prochaines \u00e9preuves en particulier. C&rsquo;est aussi l\u00e0 que vous pouvez trouvez des bateaux d&rsquo;occasion qui sont propos\u00e9s \u00e0 la vente dans la rubrique \u00ab\u00a0La boutique\u00a0\u00bb.<\/p>\n","protected":false},"author":1,"featured_media":0,"parent":0,"menu_order":0,"comment_status":"closed","ping_status":"closed","template":"","meta":{"footnotes":""},"class_list":["post-26","page","type-page","status-publish","hentry"],"_links":{"self":[{"href":"https:\/\/classem.org\/wp\/index.php?rest_route=\/wp\/v2\/pages\/26","targetHints":{"allow":["GET"]}}],"collection":[{"href":"https:\/\/classem.org\/wp\/index.php?rest_route=\/wp\/v2\/pages"}],"about":[{"href":"https:\/\/classem.org\/wp\/index.php?rest_route=\/wp\/v2\/types\/page"}],"author":[{"embeddable":true,"href":"https:\/\/classem.org\/wp\/index.php?rest_route=\/wp\/v2\/users\/1"}],"replies":[{"embeddable":true,"href":"https:\/\/classem.org\/wp\/index.php?rest_route=%2Fwp%2Fv2%2Fcomments&post=26"}],"version-history":[{"count":5,"href":"https:\/\/classem.org\/wp\/index.php?rest_route=\/wp\/v2\/pages\/26\/revisions"}],"predecessor-version":[{"id":875,"href":"https:\/\/classem.org\/wp\/index.php?rest_route=\/wp\/v2\/pages\/26\/revisions\/875"}],"wp:attachment":[{"href":"https:\/\/classem.org\/wp\/index.php?rest_route=%2Fwp%2Fv2%2Fmedia&parent=26"}],"curies":[{"name":"wp","href":"https:\/\/api.w.org\/{rel}","templated":true}]}}