{"id":60,"date":"2022-02-11T06:43:11","date_gmt":"2022-02-11T05:43:11","guid":{"rendered":"https:\/\/classem.org\/wp\/?page_id=60"},"modified":"2024-01-05T20:26:55","modified_gmt":"2024-01-05T19:26:55","slug":"comite-directeur","status":"publish","type":"page","link":"https:\/\/classem.org\/wp\/?page_id=60","title":{"rendered":"Comit\u00e9 directeur"},"content":{"rendered":"\n<h2 class=\"wp-block-heading\" id=\"apres-l-assemblee-generale-du-14-novembre-2021\">Apr\u00e8s l&rsquo;Assembl\u00e9e G\u00e9n\u00e9rale du 31 octobre 2023<\/h2>\n\n\n\n<ul class=\"wp-block-list\">\n<li>Pr\u00e9sident : <strong>Michel BRUN<\/strong><\/li>\n\n\n\n<li>Tr\u00e9sorier : <strong>Ludovic ATHENOUR<\/strong><\/li>\n\n\n\n<li>Secr\u00e9taire : <strong>Marc ALAZIA<\/strong><\/li>\n\n\n\n<li>Responsable communication : <strong>Patrice MONTERO <\/strong><\/li>\n<\/ul>\n\n\n\n<p><strong>A ces fonctions on peut ajouter <\/strong>:<\/p>\n\n\n\n<ul class=\"wp-block-list\">\n<li>Calendrier Marblehead &amp; 10R : <strong>Michel BRUN<\/strong><\/li>\n\n\n\n<li>Site web de l&rsquo;association : <strong>Jean-Baptiste DUPONT<\/strong><\/li>\n<\/ul>\n\n\n\n<p><\/p>\n","protected":false},"excerpt":{"rendered":"<p>Apr\u00e8s l&rsquo;Assembl\u00e9e G\u00e9n\u00e9rale du 31 octobre 2023 A ces fonctions on peut ajouter :<\/p>\n","protected":false},"author":1,"featured_media":0,"parent":0,"menu_order":0,"comment_status":"closed","ping_status":"closed","template":"page_widget_droite.php","meta":{"footnotes":""},"class_list":["post-60","page","type-page","status-publish","hentry"],"_links":{"self":[{"href":"https:\/\/classem.org\/wp\/index.php?rest_route=\/wp\/v2\/pages\/60","targetHints":{"allow":["GET"]}}],"collection":[{"href":"https:\/\/classem.org\/wp\/index.php?rest_route=\/wp\/v2\/pages"}],"about":[{"href":"https:\/\/classem.org\/wp\/index.php?rest_route=\/wp\/v2\/types\/page"}],"author":[{"embeddable":true,"href":"https:\/\/classem.org\/wp\/index.php?rest_route=\/wp\/v2\/users\/1"}],"replies":[{"embeddable":true,"href":"https:\/\/classem.org\/wp\/index.php?rest_route=%2Fwp%2Fv2%2Fcomments&post=60"}],"version-history":[{"count":5,"href":"https:\/\/classem.org\/wp\/index.php?rest_route=\/wp\/v2\/pages\/60\/revisions"}],"predecessor-version":[{"id":1055,"href":"https:\/\/classem.org\/wp\/index.php?rest_route=\/wp\/v2\/pages\/60\/revisions\/1055"}],"wp:attachment":[{"href":"https:\/\/classem.org\/wp\/index.php?rest_route=%2Fwp%2Fv2%2Fmedia&parent=60"}],"curies":[{"name":"wp","href":"https:\/\/api.w.org\/{rel}","templated":true}]}}