{"id":66,"date":"2022-02-11T06:57:52","date_gmt":"2022-02-11T05:57:52","guid":{"rendered":"https:\/\/classem.org\/wp\/?page_id=66"},"modified":"2025-12-06T15:50:59","modified_gmt":"2025-12-06T14:50:59","slug":"devenir-membre","status":"publish","type":"page","link":"https:\/\/classem.org\/wp\/?page_id=66","title":{"rendered":"Devenir membre"},"content":{"rendered":"\n<h2 class=\"wp-block-heading\" id=\"adhesion-a-l-afcm\">Adh\u00e9sion \u00e0 l&rsquo;AFCM<\/h2>\n\n\n\n<p>L&rsquo;adh\u00e9sion \u00e0 la classe M &amp; 10R se fait en ligne de pr\u00e9f\u00e9rence ou bien aupr\u00e8s du tr\u00e9sorier ou du pr\u00e9sident de la classe.<br><\/p>\n\n\n\n<div class=\"wp-block-buttons is-layout-flex wp-block-buttons-is-layout-flex\">\n<div class=\"wp-block-button aligncenter\"><a class=\"wp-block-button__link has-white-color has-luminous-vivid-orange-background-color has-text-color has-background wp-element-button\" href=\"https:\/\/www.helloasso.com\/associations\/association-francaise-de-la-classe-m\/adhesions\/adhesion-2026-a-l-afcm\" target=\"_blank\" rel=\"noreferrer noopener\">Adh\u00e9sion en ligne<\/a><\/div>\n<\/div>\n\n\n\n<p><\/p>\n\n\n\n<p>Rappel, pour pouvoir r\u00e9gater, il faut \u00eatre adh\u00e9rent \u00e0 l&rsquo;association. Un contr\u00f4le est assur\u00e9 chaque saison au cours des \u00e9preuves du championnat de France et de toutes les r\u00e9gates de grade 4 ou plus.<\/p>\n\n\n\n<figure class=\"wp-block-image size-full\"><img decoding=\"async\" width=\"50\" height=\"50\" src=\"https:\/\/classem.org\/wp\/wp-content\/uploads\/2022\/02\/france.png\" alt=\"\" class=\"wp-image-184\"\/><\/figure>\n\n\n\n<p>L&rsquo;inscription en ligne est pr\u00e9f\u00e9rable mais si vous rencontrez des difficult\u00e9s, vous pouvez aussi vous inscrire par courrier en renvoyant le formulaire ci-dessous rempli et accompagn\u00e9 de votre ch\u00e8que de r\u00e8glement :<\/p>\n\n\n\n<div data-wp-interactive=\"core\/file\" class=\"wp-block-file\"><object data-wp-bind--hidden=\"!state.hasPdfPreview\" hidden class=\"wp-block-file__embed\" data=\"https:\/\/classem.org\/wp\/wp-content\/uploads\/2025\/12\/Fiche-adhesion-AFCM-2026.pdf\" type=\"application\/pdf\" style=\"width:100%;height:600px\" aria-label=\"Contenu embarqu\u00e9 Fiche adh\u00e9sion AFCM 2026.\"><\/object><a id=\"wp-block-file--media-371a8c66-3df5-4365-99d4-7fe1caad309e\" href=\"https:\/\/classem.org\/wp\/wp-content\/uploads\/2025\/12\/Fiche-adhesion-AFCM-2026.pdf\">Fiche adh\u00e9sion AFCM 2026<\/a><a href=\"https:\/\/classem.org\/wp\/wp-content\/uploads\/2025\/12\/Fiche-adhesion-AFCM-2026.pdf\" class=\"wp-block-file__button wp-element-button\" download aria-describedby=\"wp-block-file--media-371a8c66-3df5-4365-99d4-7fe1caad309e\">T\u00e9l\u00e9charger<\/a><\/div>\n","protected":false},"excerpt":{"rendered":"<p>Adh\u00e9sion \u00e0 l&rsquo;AFCM L&rsquo;adh\u00e9sion \u00e0 la classe M &amp; 10R se fait en ligne de pr\u00e9f\u00e9rence ou bien aupr\u00e8s du tr\u00e9sorier ou du pr\u00e9sident de la classe. Rappel, pour pouvoir r\u00e9gater, il faut \u00eatre adh\u00e9rent \u00e0 l&rsquo;association. Un contr\u00f4le est assur\u00e9 chaque saison au cours des \u00e9preuves du championnat de France et de toutes les r\u00e9gates de grade 4 ou plus. L&rsquo;inscription en ligne est pr\u00e9f\u00e9rable mais si vous rencontrez des difficult\u00e9s, vous pouvez aussi vous inscrire par courrier en renvoyant le formulaire ci-dessous rempli et accompagn\u00e9 de votre ch\u00e8que de r\u00e8glement :<\/p>\n","protected":false},"author":1,"featured_media":0,"parent":0,"menu_order":0,"comment_status":"closed","ping_status":"closed","template":"page_widget_droite.php","meta":{"footnotes":""},"class_list":["post-66","page","type-page","status-publish","hentry"],"_links":{"self":[{"href":"https:\/\/classem.org\/wp\/index.php?rest_route=\/wp\/v2\/pages\/66","targetHints":{"allow":["GET"]}}],"collection":[{"href":"https:\/\/classem.org\/wp\/index.php?rest_route=\/wp\/v2\/pages"}],"about":[{"href":"https:\/\/classem.org\/wp\/index.php?rest_route=\/wp\/v2\/types\/page"}],"author":[{"embeddable":true,"href":"https:\/\/classem.org\/wp\/index.php?rest_route=\/wp\/v2\/users\/1"}],"replies":[{"embeddable":true,"href":"https:\/\/classem.org\/wp\/index.php?rest_route=%2Fwp%2Fv2%2Fcomments&post=66"}],"version-history":[{"count":22,"href":"https:\/\/classem.org\/wp\/index.php?rest_route=\/wp\/v2\/pages\/66\/revisions"}],"predecessor-version":[{"id":1869,"href":"https:\/\/classem.org\/wp\/index.php?rest_route=\/wp\/v2\/pages\/66\/revisions\/1869"}],"wp:attachment":[{"href":"https:\/\/classem.org\/wp\/index.php?rest_route=%2Fwp%2Fv2%2Fmedia&parent=66"}],"curies":[{"name":"wp","href":"https:\/\/api.w.org\/{rel}","templated":true}]}}