{"id":838,"date":"2022-03-23T09:55:53","date_gmt":"2022-03-23T08:55:53","guid":{"rendered":"https:\/\/classem.org\/wp\/?page_id=838"},"modified":"2024-01-05T20:25:45","modified_gmt":"2024-01-05T19:25:45","slug":"assemblees-generales","status":"publish","type":"page","link":"https:\/\/classem.org\/wp\/?page_id=838","title":{"rendered":"Assembl\u00e9es g\u00e9n\u00e9rales"},"content":{"rendered":"\n<div class=\"wp-block-query is-layout-flow wp-block-query-is-layout-flow\"><ul class=\"wp-block-post-template is-layout-flow wp-block-post-template-is-layout-flow\"><li class=\"wp-block-post post-1846 post type-post status-publish format-standard has-post-thumbnail hentry category-actualites category-ag\">\n\n<div class=\"wp-block-columns alignwide is-layout-flex wp-container-core-columns-is-layout-9d6595d7 wp-block-columns-is-layout-flex\">\n<div class=\"wp-block-column is-layout-flow wp-block-column-is-layout-flow\" style=\"flex-basis:80%\"><h4 class=\"wp-block-post-title\"><a href=\"https:\/\/classem.org\/wp\/?p=1846\" target=\"_self\" >Communiqu\u00e9 du pr\u00e9sident de la f\u00e9d\u00e9ration concernant la nouvelle cotisation des classes \u00e0 la f\u00e9d\u00e9ration pour \u00eatre reconnue par la FFVoile.<\/a><\/h4><\/div>\n<\/div>\n\n<\/li><li class=\"wp-block-post post-1824 post type-post status-publish format-standard has-post-thumbnail hentry category-actualites category-ag\">\n\n<div class=\"wp-block-columns alignwide is-layout-flex wp-container-core-columns-is-layout-9d6595d7 wp-block-columns-is-layout-flex\">\n<div class=\"wp-block-column is-layout-flow wp-block-column-is-layout-flow\" style=\"flex-basis:80%\"><h4 class=\"wp-block-post-title\"><a href=\"https:\/\/classem.org\/wp\/?p=1824\" target=\"_self\" >Convocation \u00e0 l&rsquo;Assembl\u00e9e G\u00e9n\u00e9rale de l&rsquo;association 2025 &#8211; 10 nov. 2025 \u00e0 Marseille<\/a><\/h4><\/div>\n<\/div>\n\n<\/li><li class=\"wp-block-post post-1013 post type-post status-publish format-standard has-post-thumbnail hentry category-actualites category-ag\">\n\n<div class=\"wp-block-columns alignwide is-layout-flex wp-container-core-columns-is-layout-9d6595d7 wp-block-columns-is-layout-flex\">\n<div class=\"wp-block-column is-layout-flow wp-block-column-is-layout-flow\" style=\"flex-basis:80%\"><h4 class=\"wp-block-post-title\"><a href=\"https:\/\/classem.org\/wp\/?p=1013\" target=\"_self\" >Compte-rendu de l&rsquo;AG 2023 de l&rsquo;AFCM<\/a><\/h4><\/div>\n<\/div>\n\n<\/li><\/ul><\/div>\n\n\n\n<h2 class=\"wp-block-heading\" id=\"comptes-rendus-des-assembles-generales\">Anciens CR<\/h2>\n\n\n\n<ul class=\"wp-block-list\">\n<li><a href=\"http:\/\/classem.org\/association\/AG\/CR%20AG%20classe%20M%20du%209%20novembre%202019.pdf\" target=\"_blank\" rel=\"noreferrer noopener\">9 novembre 2019<\/a><\/li>\n\n\n\n<li><a href=\"http:\/\/classem.org\/association\/AG\/CR%20AG%20Classe%20M%202018%20Valenciennes.pdf\" target=\"_blank\" rel=\"noreferrer noopener\">26 avril 2018<\/a><\/li>\n\n\n\n<li><a href=\"http:\/\/classem.org\/association\/AG\/CR%20AG%2026%2005%202017.pdf\" target=\"_blank\" rel=\"noreferrer noopener\">26 mai 2017<\/a><\/li>\n\n\n\n<li><a href=\"http:\/\/classem.org\/association\/AG\/CR%20AG%2011%2011%202016.pdf\" target=\"_blank\" rel=\"noreferrer noopener\">17 novembre 2016<\/a><\/li>\n\n\n\n<li><a href=\"http:\/\/classem.org\/association\/AG\/CR%20AG%2016%2005%202015.pdf\" target=\"_blank\" rel=\"noreferrer noopener\">16 mai 2015<\/a><\/li>\n\n\n\n<li><a href=\"http:\/\/classem.org\/association\/AG\/CR%20AG%2009%2005%202014.pdf\" target=\"_blank\" rel=\"noreferrer noopener\">09 mai 2014<\/a><\/li>\n\n\n\n<li><a href=\"http:\/\/classem.org\/association\/AG\/CR%20AG%2006%2005%202013.pdf\" target=\"_blank\" rel=\"noreferrer noopener\">06 mai 2013<\/a><\/li>\n\n\n\n<li><a href=\"http:\/\/classem.org\/association\/AG\/CR%20AG%2018%2005%202012.pdf\" target=\"_blank\" rel=\"noreferrer noopener\">18 mai 2012<\/a><\/li>\n\n\n\n<li><a href=\"http:\/\/classem.org\/association\/AG\/CR%20AG%2013%2005%202011.pdf\" target=\"_blank\" rel=\"noreferrer noopener\">13 mai 2011<\/a><\/li>\n\n\n\n<li><a href=\"http:\/\/classem.org\/association\/AG\/CR%20AG%2022%2005%202009.pdf\" target=\"_blank\" rel=\"noreferrer noopener\">22 mai 2009<\/a><\/li>\n\n\n\n<li><a href=\"http:\/\/classem.org\/association\/AG\/CR%20AG%2002%2005%202008.pdf\" target=\"_blank\" rel=\"noreferrer noopener\">02 mai 2008<\/a><\/li>\n\n\n\n<li><a href=\"http:\/\/classem.org\/association\/AG\/CR%20AG%2028%2004%202007.pdf\" target=\"_blank\" rel=\"noreferrer noopener\">28 mai 2007<\/a><\/li>\n\n\n\n<li><a href=\"http:\/\/classem.org\/association\/AG\/CR%20AG%2030%2004%202006.pdf\" target=\"_blank\" rel=\"noreferrer noopener\">30 mai 2006<\/a><\/li>\n<\/ul>\n","protected":false},"excerpt":{"rendered":"<p>Anciens CR<\/p>\n","protected":false},"author":1,"featured_media":0,"parent":0,"menu_order":0,"comment_status":"closed","ping_status":"closed","template":"","meta":{"footnotes":""},"class_list":["post-838","page","type-page","status-publish","hentry"],"_links":{"self":[{"href":"https:\/\/classem.org\/wp\/index.php?rest_route=\/wp\/v2\/pages\/838","targetHints":{"allow":["GET"]}}],"collection":[{"href":"https:\/\/classem.org\/wp\/index.php?rest_route=\/wp\/v2\/pages"}],"about":[{"href":"https:\/\/classem.org\/wp\/index.php?rest_route=\/wp\/v2\/types\/page"}],"author":[{"embeddable":true,"href":"https:\/\/classem.org\/wp\/index.php?rest_route=\/wp\/v2\/users\/1"}],"replies":[{"embeddable":true,"href":"https:\/\/classem.org\/wp\/index.php?rest_route=%2Fwp%2Fv2%2Fcomments&post=838"}],"version-history":[{"count":5,"href":"https:\/\/classem.org\/wp\/index.php?rest_route=\/wp\/v2\/pages\/838\/revisions"}],"predecessor-version":[{"id":1054,"href":"https:\/\/classem.org\/wp\/index.php?rest_route=\/wp\/v2\/pages\/838\/revisions\/1054"}],"wp:attachment":[{"href":"https:\/\/classem.org\/wp\/index.php?rest_route=%2Fwp%2Fv2%2Fmedia&parent=838"}],"curies":[{"name":"wp","href":"https:\/\/api.w.org\/{rel}","templated":true}]}}