{"id":854,"date":"2022-03-23T10:37:53","date_gmt":"2022-03-23T09:37:53","guid":{"rendered":"https:\/\/classem.org\/wp\/?page_id=854"},"modified":"2022-04-19T21:56:28","modified_gmt":"2022-04-19T19:56:28","slug":"statuts-de-lassociation-francaise-de-la-classe-10","status":"publish","type":"page","link":"https:\/\/classem.org\/wp\/?page_id=854","title":{"rendered":"Statuts de l&rsquo;Association Fran\u00e7aise de la Classe 10R"},"content":{"rendered":"\n<div data-wp-interactive=\"core\/file\" class=\"wp-block-file\"><object data-wp-bind--hidden=\"!state.hasPdfPreview\" hidden class=\"wp-block-file__embed\" data=\"https:\/\/classem.org\/wp\/wp-content\/uploads\/2022\/03\/statuts-de-ASSOCIATION-FRANCAISE-DE-LA-CLASSE-10R-1.pdf\" type=\"application\/pdf\" style=\"width:100%;height:600px\" aria-label=\"Contenu embarqu\u00e9 Contenu embarqu\u00e9 Statuts de l&apos;ASSOCIATION FRANCAISE DE LA-CLASSE 10R..\"><\/object><a id=\"wp-block-file--media-3650d25e-70db-46c4-9cf5-a86b95162b9a\" href=\"https:\/\/classem.org\/wp\/wp-content\/uploads\/2022\/03\/statuts-de-ASSOCIATION-FRANCAISE-DE-LA-CLASSE-10R-1.pdf\">Statuts de l&rsquo;ASSOCIATION FRANCAISE DE LA-CLASSE 10R<\/a><a href=\"https:\/\/classem.org\/wp\/wp-content\/uploads\/2022\/03\/statuts-de-ASSOCIATION-FRANCAISE-DE-LA-CLASSE-10R-1.pdf\" class=\"wp-block-file__button\" download aria-describedby=\"wp-block-file--media-3650d25e-70db-46c4-9cf5-a86b95162b9a\">T\u00e9l\u00e9charger<\/a><\/div>\n\n\n\n<div data-wp-interactive=\"core\/file\" class=\"wp-block-file\"><object data-wp-bind--hidden=\"!state.hasPdfPreview\" hidden class=\"wp-block-file__embed\" data=\"https:\/\/classem.org\/wp\/wp-content\/uploads\/2022\/04\/JOAFE_PDF_Unitaire_20220014_01575.pdf\" type=\"application\/pdf\" style=\"width:100%;height:600px\" aria-label=\"Contenu embarqu\u00e9 Contenu embarqu\u00e9 D\u00e9claration au Journal Officiel..\"><\/object><a id=\"wp-block-file--media-af8b2d4f-7ccd-4059-b3da-8d46362608d2\" href=\"https:\/\/classem.org\/wp\/wp-content\/uploads\/2022\/04\/JOAFE_PDF_Unitaire_20220014_01575.pdf\">D\u00e9claration au Journal Officiel<\/a><a href=\"https:\/\/classem.org\/wp\/wp-content\/uploads\/2022\/04\/JOAFE_PDF_Unitaire_20220014_01575.pdf\" class=\"wp-block-file__button\" download aria-describedby=\"wp-block-file--media-af8b2d4f-7ccd-4059-b3da-8d46362608d2\">T\u00e9l\u00e9charger<\/a><\/div>\n\n\n\n<p><\/p>\n","protected":false},"excerpt":{"rendered":"","protected":false},"author":1,"featured_media":0,"parent":0,"menu_order":0,"comment_status":"closed","ping_status":"closed","template":"","meta":{"footnotes":""},"class_list":["post-854","page","type-page","status-publish","hentry"],"_links":{"self":[{"href":"https:\/\/classem.org\/wp\/index.php?rest_route=\/wp\/v2\/pages\/854","targetHints":{"allow":["GET"]}}],"collection":[{"href":"https:\/\/classem.org\/wp\/index.php?rest_route=\/wp\/v2\/pages"}],"about":[{"href":"https:\/\/classem.org\/wp\/index.php?rest_route=\/wp\/v2\/types\/page"}],"author":[{"embeddable":true,"href":"https:\/\/classem.org\/wp\/index.php?rest_route=\/wp\/v2\/users\/1"}],"replies":[{"embeddable":true,"href":"https:\/\/classem.org\/wp\/index.php?rest_route=%2Fwp%2Fv2%2Fcomments&post=854"}],"version-history":[{"count":4,"href":"https:\/\/classem.org\/wp\/index.php?rest_route=\/wp\/v2\/pages\/854\/revisions"}],"predecessor-version":[{"id":897,"href":"https:\/\/classem.org\/wp\/index.php?rest_route=\/wp\/v2\/pages\/854\/revisions\/897"}],"wp:attachment":[{"href":"https:\/\/classem.org\/wp\/index.php?rest_route=%2Fwp%2Fv2%2Fmedia&parent=854"}],"curies":[{"name":"wp","href":"https:\/\/api.w.org\/{rel}","templated":true}]}}